{"id":1642,"date":"2022-01-04T02:04:46","date_gmt":"2022-01-04T02:04:46","guid":{"rendered":"https:\/\/creamind.cl\/?post_type=product&#038;p=1642"},"modified":"2024-07-08T04:15:20","modified_gmt":"2024-07-08T08:15:20","slug":"servilletas-blancas-sublimadas-pack-12-und","status":"publish","type":"product","link":"https:\/\/creamind.cl\/index.php\/producto\/servilletas-blancas-sublimadas-pack-12-und\/","title":{"rendered":"Servilletas Blancas | Sublimadas Pack (12 Und)"},"content":{"rendered":"<p>Nuestras servilletas desechables de papel sublimadas personalizadas ofrecen una combinaci\u00f3n \u00fanica de conveniencia y personalizaci\u00f3n para cualquier ocasi\u00f3n. Fabricadas con papel absorbente de alta calidad, estas servilletas no solo son funcionales sino tambi\u00e9n una poderosa herramienta de marketing o decoraci\u00f3n. La sublimaci\u00f3n permite imprimir tu dise\u00f1o, logo o mensaje especial con colores vibrantes y duraderos, haciendo que cada servilleta sea \u00fanica y memorable.<\/p>\n<p><strong>Caracter\u00edsticas:<\/strong><\/p>\n<ul>\n<li>Material: Papel desechable absorbente de alta calidad.<\/li>\n<li>Personalizaci\u00f3n: Impresi\u00f3n sublimada de alta definici\u00f3n.<\/li>\n<li>Usos: Ideal para eventos, restaurantes, catering y m\u00e1s.<\/li>\n<\/ul>\n<p><strong>Ventajas:<\/strong><\/p>\n<ul>\n<li><strong>Personalizaci\u00f3n Creativa:<\/strong> Agrega tu logo, dise\u00f1o o mensaje personalizado para promocionar tu marca o evento.<\/li>\n<li><strong>Practicidad:<\/strong> Funcionales y convenientes para cualquier ocasi\u00f3n.<\/li>\n<li><strong>Calidad de Impresi\u00f3n:<\/strong> Colores vibrantes y detalles n\u00edtidos que realzan la presentaci\u00f3n.<\/li>\n<li><strong>Versatilidad:<\/strong> Adecuadas para uso en restaurantes, eventos corporativos, fiestas y m\u00e1s.<\/li>\n<\/ul>\n<p>Estas servilletas desechables de papel sublimadas personalizadas no solo cumplen con necesidades pr\u00e1cticas, sino que tambi\u00e9n sirven como una herramienta efectiva para destacar tu marca o hacer de cualquier evento una experiencia m\u00e1s memorable.<\/p>\n","protected":false},"excerpt":{"rendered":"<p>Nuestras servilletas desechables de papel sublimadas personalizadas ofrecen una combinaci\u00f3n \u00fanica de conveniencia y personalizaci\u00f3n para cualquier ocasi\u00f3n. Fabricadas con [&hellip;]<\/p>\n","protected":false},"featured_media":1643,"template":"","meta":{"site-sidebar-layout":"no-sidebar","site-content-layout":"default","ast-site-content-layout":"normal-width-container","site-content-style":"boxed","site-sidebar-style":"default","ast-global-header-display":"","ast-banner-title-visibility":"","ast-main-header-display":"","ast-hfb-above-header-display":"","ast-hfb-below-header-display":"","ast-hfb-mobile-header-display":"","site-post-title":"","ast-breadcrumbs-content":"","ast-featured-img":"","footer-sml-layout":"","theme-transparent-header-meta":"default","adv-header-id-meta":"","stick-header-meta":"","header-above-stick-meta":"","header-main-stick-meta":"","header-below-stick-meta":"","astra-migrate-meta-layouts":"set","ast-page-background-enabled":"default","ast-page-background-meta":{"desktop":{"background-color":"","background-image":"","background-repeat":"repeat","background-position":"center center","background-size":"auto","background-attachment":"scroll","background-type":"","background-media":"","overlay-type":"","overlay-color":"","overlay-opacity":"","overlay-gradient":""},"tablet":{"background-color":"","background-image":"","background-repeat":"repeat","background-position":"center center","background-size":"auto","background-attachment":"scroll","background-type":"","background-media":"","overlay-type":"","overlay-color":"","overlay-opacity":"","overlay-gradient":""},"mobile":{"background-color":"","background-image":"","background-repeat":"repeat","background-position":"center center","background-size":"auto","background-attachment":"scroll","background-type":"","background-media":"","overlay-type":"","overlay-color":"","overlay-opacity":"","overlay-gradient":""}},"ast-content-background-meta":{"desktop":{"background-color":"var(--ast-global-color-5)","background-image":"","background-repeat":"repeat","background-position":"center center","background-size":"auto","background-attachment":"scroll","background-type":"","background-media":"","overlay-type":"","overlay-color":"","overlay-opacity":"","overlay-gradient":""},"tablet":{"background-color":"var(--ast-global-color-5)","background-image":"","background-repeat":"repeat","background-position":"center center","background-size":"auto","background-attachment":"scroll","background-type":"","background-media":"","overlay-type":"","overlay-color":"","overlay-opacity":"","overlay-gradient":""},"mobile":{"background-color":"var(--ast-global-color-5)","background-image":"","background-repeat":"repeat","background-position":"center center","background-size":"auto","background-attachment":"scroll","background-type":"","background-media":"","overlay-type":"","overlay-color":"","overlay-opacity":"","overlay-gradient":""}},"_joinchat":[]},"product_brand":[],"product_cat":[60],"product_tag":[],"class_list":{"0":"post-1642","1":"product","2":"type-product","3":"status-publish","4":"has-post-thumbnail","6":"product_cat-cotillon","7":"desktop-align-left","8":"tablet-align-left","9":"mobile-align-left","11":"first","12":"instock","13":"purchasable","14":"product-type-simple"},"_links":{"self":[{"href":"https:\/\/creamind.cl\/index.php\/wp-json\/wp\/v2\/product\/1642","targetHints":{"allow":["GET"]}}],"collection":[{"href":"https:\/\/creamind.cl\/index.php\/wp-json\/wp\/v2\/product"}],"about":[{"href":"https:\/\/creamind.cl\/index.php\/wp-json\/wp\/v2\/types\/product"}],"version-history":[{"count":3,"href":"https:\/\/creamind.cl\/index.php\/wp-json\/wp\/v2\/product\/1642\/revisions"}],"predecessor-version":[{"id":2835,"href":"https:\/\/creamind.cl\/index.php\/wp-json\/wp\/v2\/product\/1642\/revisions\/2835"}],"wp:featuredmedia":[{"embeddable":true,"href":"https:\/\/creamind.cl\/index.php\/wp-json\/wp\/v2\/media\/1643"}],"wp:attachment":[{"href":"https:\/\/creamind.cl\/index.php\/wp-json\/wp\/v2\/media?parent=1642"}],"wp:term":[{"taxonomy":"product_brand","embeddable":true,"href":"https:\/\/creamind.cl\/index.php\/wp-json\/wp\/v2\/product_brand?post=1642"},{"taxonomy":"product_cat","embeddable":true,"href":"https:\/\/creamind.cl\/index.php\/wp-json\/wp\/v2\/product_cat?post=1642"},{"taxonomy":"product_tag","embeddable":true,"href":"https:\/\/creamind.cl\/index.php\/wp-json\/wp\/v2\/product_tag?post=1642"}],"curies":[{"name":"wp","href":"https:\/\/api.w.org\/{rel}","templated":true}]}}