{"id":1681,"date":"2022-01-04T02:59:21","date_gmt":"2022-01-04T02:59:21","guid":{"rendered":"https:\/\/creamind.cl\/?post_type=product&#038;p=1681"},"modified":"2024-07-08T03:13:56","modified_gmt":"2024-07-08T07:13:56","slug":"bolsa-kraft-fuelle-sublimada-color-37x32x16-cm","status":"publish","type":"product","link":"https:\/\/creamind.cl\/index.php\/producto\/bolsa-kraft-fuelle-sublimada-color-37x32x16-cm\/","title":{"rendered":"Bolsa Kraft Fuelle  Sublimada | Color | (37x32x15 cm)"},"content":{"rendered":"<p>Nuestra bolsa kraft con fuelle sublimable y asas ofrece una soluci\u00f3n ecol\u00f3gica y personalizable para tus necesidades de empaque y promoci\u00f3n. Fabricada con papel kraft resistente y duradero, esta bolsa no solo es amigable con el medio ambiente, sino que tambi\u00e9n proporciona una superficie perfecta para sublimar dise\u00f1os creativos y coloridos. Ideal para eventos, regalos corporativos o promocionales, cada bolsa combina practicidad con la capacidad de destacar tu marca de manera \u00fanica y memorable.<\/p>\n<p><strong>Caracter\u00edsticas:<\/strong><\/p>\n<ul>\n<li>Material: Papel kraft resistente y biodegradable.<\/li>\n<li>Personalizaci\u00f3n: Superficie ideal para sublimaci\u00f3n de alta definici\u00f3n.<\/li>\n<li>Asas: C\u00f3modas asas para un transporte f\u00e1cil y seguro.<\/li>\n<\/ul>\n<p><strong>Ventajas:<\/strong><\/p>\n<ul>\n<li><strong>Ecolog\u00eda:<\/strong> Alternativa sostenible al pl\u00e1stico, ideal para empresas comprometidas con el medio ambiente.<\/li>\n<li><strong>Personalizaci\u00f3n Creativa:<\/strong> Sublimaci\u00f3n que permite imprimir logotipos, dise\u00f1os o mensajes personalizados con alta calidad.<\/li>\n<li><strong>Versatilidad:<\/strong> Adecuada para eventos, tiendas, regalos y m\u00e1s.<\/li>\n<li><strong>Durabilidad:<\/strong> Resistente y robusta, adecuada para m\u00faltiples usos.<\/li>\n<\/ul>\n<p>Esta bolsa kraft con fuelle sublimable y asas no solo cumple con tus necesidades de empaque, sino que tambi\u00e9n refleja tu compromiso con la sostenibilidad y la innovaci\u00f3n en cada detalle.<\/p>\n","protected":false},"excerpt":{"rendered":"<p>Nuestra bolsa kraft con fuelle sublimable y asas ofrece una soluci\u00f3n ecol\u00f3gica y personalizable para tus necesidades de empaque y [&hellip;]<\/p>\n","protected":false},"featured_media":1686,"template":"","meta":{"site-sidebar-layout":"no-sidebar","site-content-layout":"boxed-container","ast-site-content-layout":"normal-width-container","site-content-style":"boxed","site-sidebar-style":"default","ast-global-header-display":"","ast-banner-title-visibility":"","ast-main-header-display":"","ast-hfb-above-header-display":"","ast-hfb-below-header-display":"","ast-hfb-mobile-header-display":"","site-post-title":"","ast-breadcrumbs-content":"","ast-featured-img":"","footer-sml-layout":"","theme-transparent-header-meta":"default","adv-header-id-meta":"","stick-header-meta":"","header-above-stick-meta":"","header-main-stick-meta":"","header-below-stick-meta":"","astra-migrate-meta-layouts":"set","ast-page-background-enabled":"default","ast-page-background-meta":{"desktop":{"background-color":"","background-image":"","background-repeat":"repeat","background-position":"center center","background-size":"auto","background-attachment":"scroll","background-type":"","background-media":"","overlay-type":"","overlay-color":"","overlay-opacity":"","overlay-gradient":""},"tablet":{"background-color":"","background-image":"","background-repeat":"repeat","background-position":"center center","background-size":"auto","background-attachment":"scroll","background-type":"","background-media":"","overlay-type":"","overlay-color":"","overlay-opacity":"","overlay-gradient":""},"mobile":{"background-color":"","background-image":"","background-repeat":"repeat","background-position":"center center","background-size":"auto","background-attachment":"scroll","background-type":"","background-media":"","overlay-type":"","overlay-color":"","overlay-opacity":"","overlay-gradient":""}},"ast-content-background-meta":{"desktop":{"background-color":"var(--ast-global-color-5)","background-image":"","background-repeat":"repeat","background-position":"center center","background-size":"auto","background-attachment":"scroll","background-type":"","background-media":"","overlay-type":"","overlay-color":"","overlay-opacity":"","overlay-gradient":""},"tablet":{"background-color":"var(--ast-global-color-5)","background-image":"","background-repeat":"repeat","background-position":"center center","background-size":"auto","background-attachment":"scroll","background-type":"","background-media":"","overlay-type":"","overlay-color":"","overlay-opacity":"","overlay-gradient":""},"mobile":{"background-color":"var(--ast-global-color-5)","background-image":"","background-repeat":"repeat","background-position":"center center","background-size":"auto","background-attachment":"scroll","background-type":"","background-media":"","overlay-type":"","overlay-color":"","overlay-opacity":"","overlay-gradient":""}},"_joinchat":[]},"product_brand":[],"product_cat":[57],"product_tag":[],"class_list":{"0":"post-1681","1":"product","2":"type-product","3":"status-publish","4":"has-post-thumbnail","6":"product_cat-bolsas-personalizadas","7":"desktop-align-left","8":"tablet-align-left","9":"mobile-align-left","11":"first","12":"instock","13":"featured","14":"purchasable","15":"product-type-variable"},"_links":{"self":[{"href":"https:\/\/creamind.cl\/index.php\/wp-json\/wp\/v2\/product\/1681","targetHints":{"allow":["GET"]}}],"collection":[{"href":"https:\/\/creamind.cl\/index.php\/wp-json\/wp\/v2\/product"}],"about":[{"href":"https:\/\/creamind.cl\/index.php\/wp-json\/wp\/v2\/types\/product"}],"version-history":[{"count":4,"href":"https:\/\/creamind.cl\/index.php\/wp-json\/wp\/v2\/product\/1681\/revisions"}],"predecessor-version":[{"id":2779,"href":"https:\/\/creamind.cl\/index.php\/wp-json\/wp\/v2\/product\/1681\/revisions\/2779"}],"wp:featuredmedia":[{"embeddable":true,"href":"https:\/\/creamind.cl\/index.php\/wp-json\/wp\/v2\/media\/1686"}],"wp:attachment":[{"href":"https:\/\/creamind.cl\/index.php\/wp-json\/wp\/v2\/media?parent=1681"}],"wp:term":[{"taxonomy":"product_brand","embeddable":true,"href":"https:\/\/creamind.cl\/index.php\/wp-json\/wp\/v2\/product_brand?post=1681"},{"taxonomy":"product_cat","embeddable":true,"href":"https:\/\/creamind.cl\/index.php\/wp-json\/wp\/v2\/product_cat?post=1681"},{"taxonomy":"product_tag","embeddable":true,"href":"https:\/\/creamind.cl\/index.php\/wp-json\/wp\/v2\/product_tag?post=1681"}],"curies":[{"name":"wp","href":"https:\/\/api.w.org\/{rel}","templated":true}]}}