{"id":1707,"date":"2022-01-04T14:22:31","date_gmt":"2022-01-04T14:22:31","guid":{"rendered":"https:\/\/creamind.cl\/?post_type=product&#038;p=1707"},"modified":"2024-07-08T02:36:37","modified_gmt":"2024-07-08T06:36:37","slug":"cinta-sublimada-valor-por-metro-100-cm","status":"publish","type":"product","link":"https:\/\/creamind.cl\/index.php\/producto\/cinta-sublimada-valor-por-metro-100-cm\/","title":{"rendered":"Cinta Sublimada | Poliester Liso | Valor por Metro (100 cm.)"},"content":{"rendered":"<p>Nuestra cinta sublimable de poli\u00e9ster liso ofrece una opci\u00f3n vers\u00e1til y elegante para personalizar tus proyectos creativos y promocionales. Fabricada con poli\u00e9ster de alta calidad, esta cinta proporciona una superficie lisa ideal para sublimaci\u00f3n, permitiendo la impresi\u00f3n de colores vibrantes y detalles precisos. Perfecta para embalajes personalizados, decoraci\u00f3n de eventos y regalos corporativos, cada cinta sublimada a\u00f1ade un toque de profesionalismo y personalizaci\u00f3n a cualquier ocasi\u00f3n.<\/p>\n<p><strong>Caracter\u00edsticas:<\/strong><\/p>\n<ul>\n<li>Material: Poli\u00e9ster liso de alta resistencia.<\/li>\n<li>Personalizaci\u00f3n: Superficie \u00f3ptima para sublimaci\u00f3n de alta definici\u00f3n.<\/li>\n<li>Acabado: Textura suave que realza la calidad de impresi\u00f3n y la est\u00e9tica visual.<\/li>\n<li>Usos: Ideal para embalajes personalizados, decoraci\u00f3n de eventos y regalos corporativos.<\/li>\n<\/ul>\n<p><strong>Ventajas:<\/strong><\/p>\n<ul>\n<li><strong>Calidad de Impresi\u00f3n:<\/strong> Sublimaci\u00f3n que garantiza colores vibrantes y duraderos.<\/li>\n<li><strong>Durabilidad:<\/strong> Resistente al desgaste y al uso diario.<\/li>\n<li><strong>Versatilidad:<\/strong> Adecuada para una amplia gama de aplicaciones creativas y promocionales.<\/li>\n<li><strong>Personalizaci\u00f3n Exclusiva:<\/strong> Agrega un toque personalizado a cada detalle.<\/li>\n<\/ul>\n<p>Esta cinta sublimable de poli\u00e9ster liso proporciona una soluci\u00f3n elegante y funcional para expresar tu creatividad y reforzar tu marca en cualquier proyecto.<\/p>\n","protected":false},"excerpt":{"rendered":"<p>Nuestra cinta sublimable de poli\u00e9ster liso ofrece una opci\u00f3n vers\u00e1til y elegante para personalizar tus proyectos creativos y promocionales. Fabricada [&hellip;]<\/p>\n","protected":false},"featured_media":1711,"template":"","meta":{"site-sidebar-layout":"no-sidebar","site-content-layout":"default","ast-site-content-layout":"normal-width-container","site-content-style":"boxed","site-sidebar-style":"default","ast-global-header-display":"","ast-banner-title-visibility":"","ast-main-header-display":"","ast-hfb-above-header-display":"","ast-hfb-below-header-display":"","ast-hfb-mobile-header-display":"","site-post-title":"","ast-breadcrumbs-content":"","ast-featured-img":"","footer-sml-layout":"","theme-transparent-header-meta":"default","adv-header-id-meta":"","stick-header-meta":"","header-above-stick-meta":"","header-main-stick-meta":"","header-below-stick-meta":"","astra-migrate-meta-layouts":"set","ast-page-background-enabled":"default","ast-page-background-meta":{"desktop":{"background-color":"","background-image":"","background-repeat":"repeat","background-position":"center center","background-size":"auto","background-attachment":"scroll","background-type":"","background-media":"","overlay-type":"","overlay-color":"","overlay-opacity":"","overlay-gradient":""},"tablet":{"background-color":"","background-image":"","background-repeat":"repeat","background-position":"center center","background-size":"auto","background-attachment":"scroll","background-type":"","background-media":"","overlay-type":"","overlay-color":"","overlay-opacity":"","overlay-gradient":""},"mobile":{"background-color":"","background-image":"","background-repeat":"repeat","background-position":"center center","background-size":"auto","background-attachment":"scroll","background-type":"","background-media":"","overlay-type":"","overlay-color":"","overlay-opacity":"","overlay-gradient":""}},"ast-content-background-meta":{"desktop":{"background-color":"var(--ast-global-color-5)","background-image":"","background-repeat":"repeat","background-position":"center center","background-size":"auto","background-attachment":"scroll","background-type":"","background-media":"","overlay-type":"","overlay-color":"","overlay-opacity":"","overlay-gradient":""},"tablet":{"background-color":"var(--ast-global-color-5)","background-image":"","background-repeat":"repeat","background-position":"center center","background-size":"auto","background-attachment":"scroll","background-type":"","background-media":"","overlay-type":"","overlay-color":"","overlay-opacity":"","overlay-gradient":""},"mobile":{"background-color":"var(--ast-global-color-5)","background-image":"","background-repeat":"repeat","background-position":"center center","background-size":"auto","background-attachment":"scroll","background-type":"","background-media":"","overlay-type":"","overlay-color":"","overlay-opacity":"","overlay-gradient":""}},"_joinchat":[]},"product_brand":[],"product_cat":[31],"product_tag":[],"class_list":{"0":"post-1707","1":"product","2":"type-product","3":"status-publish","4":"has-post-thumbnail","6":"product_cat-productos","7":"desktop-align-left","8":"tablet-align-left","9":"mobile-align-left","11":"first","12":"instock","13":"purchasable","14":"product-type-variable"},"_links":{"self":[{"href":"https:\/\/creamind.cl\/index.php\/wp-json\/wp\/v2\/product\/1707","targetHints":{"allow":["GET"]}}],"collection":[{"href":"https:\/\/creamind.cl\/index.php\/wp-json\/wp\/v2\/product"}],"about":[{"href":"https:\/\/creamind.cl\/index.php\/wp-json\/wp\/v2\/types\/product"}],"version-history":[{"count":4,"href":"https:\/\/creamind.cl\/index.php\/wp-json\/wp\/v2\/product\/1707\/revisions"}],"predecessor-version":[{"id":2712,"href":"https:\/\/creamind.cl\/index.php\/wp-json\/wp\/v2\/product\/1707\/revisions\/2712"}],"wp:featuredmedia":[{"embeddable":true,"href":"https:\/\/creamind.cl\/index.php\/wp-json\/wp\/v2\/media\/1711"}],"wp:attachment":[{"href":"https:\/\/creamind.cl\/index.php\/wp-json\/wp\/v2\/media?parent=1707"}],"wp:term":[{"taxonomy":"product_brand","embeddable":true,"href":"https:\/\/creamind.cl\/index.php\/wp-json\/wp\/v2\/product_brand?post=1707"},{"taxonomy":"product_cat","embeddable":true,"href":"https:\/\/creamind.cl\/index.php\/wp-json\/wp\/v2\/product_cat?post=1707"},{"taxonomy":"product_tag","embeddable":true,"href":"https:\/\/creamind.cl\/index.php\/wp-json\/wp\/v2\/product_tag?post=1707"}],"curies":[{"name":"wp","href":"https:\/\/api.w.org\/{rel}","templated":true}]}}