{"id":1735,"date":"2022-01-04T17:04:09","date_gmt":"2022-01-04T20:04:09","guid":{"rendered":"https:\/\/creamind.cl\/?post_type=product&#038;p=1735"},"modified":"2024-07-08T02:33:25","modified_gmt":"2024-07-08T06:33:25","slug":"cinta-sublimada-poliester-texturado-valor-por-metro-100-cm","status":"publish","type":"product","link":"https:\/\/creamind.cl\/index.php\/producto\/cinta-sublimada-poliester-texturado-valor-por-metro-100-cm\/","title":{"rendered":"Cinta Sublimada | Poliester Texturado | Valor por Metro (100 cm.)"},"content":{"rendered":"<p>Nuestra cinta sublimable de poli\u00e9ster texturado es la elecci\u00f3n perfecta para personalizar tus proyectos creativos y promocionales con estilo y durabilidad. Fabricada con poli\u00e9ster de alta calidad, esta cinta no solo ofrece un acabado texturado distintivo, sino tambi\u00e9n la capacidad de sublimar colores vivos y detalles precisos. Ideal para embalajes personalizados, decoraci\u00f3n de regalos, eventos especiales y m\u00e1s, cada cinta se convierte en una herramienta vers\u00e1til para destacar tu marca o mensaje con elegancia.<\/p>\n<p><strong>Caracter\u00edsticas:<\/strong><\/p>\n<ul>\n<li>Material: Poli\u00e9ster texturado de alta resistencia.<\/li>\n<li>Personalizaci\u00f3n: Superficie perfecta para sublimaci\u00f3n de alta definici\u00f3n.<\/li>\n<li>Acabado: Textura suave que realza la calidad de impresi\u00f3n y la est\u00e9tica visual.<\/li>\n<li>Usos: Ideal para embalajes personalizados, decoraci\u00f3n de eventos y regalos corporativos.<\/li>\n<\/ul>\n<p><strong>Ventajas:<\/strong><\/p>\n<ul>\n<li><strong>Calidad de Impresi\u00f3n:<\/strong> Sublimaci\u00f3n que garantiza colores vibrantes y duraderos.<\/li>\n<li><strong>Durabilidad:<\/strong> Resistente al desgaste y al uso diario.<\/li>\n<li><strong>Versatilidad:<\/strong> Adecuada para una amplia gama de aplicaciones creativas y promocionales.<\/li>\n<li><strong>Personalizaci\u00f3n Exclusiva:<\/strong> Agrega un toque personalizado a cada detalle.<\/li>\n<\/ul>\n<p>Esta cinta sublimable de poli\u00e9ster texturado no solo cumple con est\u00e1ndares de calidad elevados, sino que tambi\u00e9n permite expresar tu creatividad y personalidad en cada proyecto.<\/p>\n","protected":false},"excerpt":{"rendered":"<p>Nuestra cinta sublimable de poli\u00e9ster texturado es la elecci\u00f3n perfecta para personalizar tus proyectos creativos y promocionales con estilo y [&hellip;]<\/p>\n","protected":false},"featured_media":1745,"template":"","meta":{"site-sidebar-layout":"no-sidebar","site-content-layout":"default","ast-site-content-layout":"normal-width-container","site-content-style":"boxed","site-sidebar-style":"default","ast-global-header-display":"","ast-banner-title-visibility":"","ast-main-header-display":"","ast-hfb-above-header-display":"","ast-hfb-below-header-display":"","ast-hfb-mobile-header-display":"","site-post-title":"","ast-breadcrumbs-content":"","ast-featured-img":"","footer-sml-layout":"","theme-transparent-header-meta":"default","adv-header-id-meta":"","stick-header-meta":"","header-above-stick-meta":"","header-main-stick-meta":"","header-below-stick-meta":"","astra-migrate-meta-layouts":"set","ast-page-background-enabled":"default","ast-page-background-meta":{"desktop":{"background-color":"","background-image":"","background-repeat":"repeat","background-position":"center center","background-size":"auto","background-attachment":"scroll","background-type":"","background-media":"","overlay-type":"","overlay-color":"","overlay-opacity":"","overlay-gradient":""},"tablet":{"background-color":"","background-image":"","background-repeat":"repeat","background-position":"center center","background-size":"auto","background-attachment":"scroll","background-type":"","background-media":"","overlay-type":"","overlay-color":"","overlay-opacity":"","overlay-gradient":""},"mobile":{"background-color":"","background-image":"","background-repeat":"repeat","background-position":"center center","background-size":"auto","background-attachment":"scroll","background-type":"","background-media":"","overlay-type":"","overlay-color":"","overlay-opacity":"","overlay-gradient":""}},"ast-content-background-meta":{"desktop":{"background-color":"var(--ast-global-color-5)","background-image":"","background-repeat":"repeat","background-position":"center center","background-size":"auto","background-attachment":"scroll","background-type":"","background-media":"","overlay-type":"","overlay-color":"","overlay-opacity":"","overlay-gradient":""},"tablet":{"background-color":"var(--ast-global-color-5)","background-image":"","background-repeat":"repeat","background-position":"center center","background-size":"auto","background-attachment":"scroll","background-type":"","background-media":"","overlay-type":"","overlay-color":"","overlay-opacity":"","overlay-gradient":""},"mobile":{"background-color":"var(--ast-global-color-5)","background-image":"","background-repeat":"repeat","background-position":"center center","background-size":"auto","background-attachment":"scroll","background-type":"","background-media":"","overlay-type":"","overlay-color":"","overlay-opacity":"","overlay-gradient":""}},"_joinchat":[]},"product_brand":[],"product_cat":[31],"product_tag":[],"class_list":{"0":"post-1735","1":"product","2":"type-product","3":"status-publish","4":"has-post-thumbnail","6":"product_cat-productos","7":"desktop-align-left","8":"tablet-align-left","9":"mobile-align-left","11":"first","12":"instock","13":"purchasable","14":"product-type-variable"},"_links":{"self":[{"href":"https:\/\/creamind.cl\/index.php\/wp-json\/wp\/v2\/product\/1735","targetHints":{"allow":["GET"]}}],"collection":[{"href":"https:\/\/creamind.cl\/index.php\/wp-json\/wp\/v2\/product"}],"about":[{"href":"https:\/\/creamind.cl\/index.php\/wp-json\/wp\/v2\/types\/product"}],"version-history":[{"count":3,"href":"https:\/\/creamind.cl\/index.php\/wp-json\/wp\/v2\/product\/1735\/revisions"}],"predecessor-version":[{"id":2705,"href":"https:\/\/creamind.cl\/index.php\/wp-json\/wp\/v2\/product\/1735\/revisions\/2705"}],"wp:featuredmedia":[{"embeddable":true,"href":"https:\/\/creamind.cl\/index.php\/wp-json\/wp\/v2\/media\/1745"}],"wp:attachment":[{"href":"https:\/\/creamind.cl\/index.php\/wp-json\/wp\/v2\/media?parent=1735"}],"wp:term":[{"taxonomy":"product_brand","embeddable":true,"href":"https:\/\/creamind.cl\/index.php\/wp-json\/wp\/v2\/product_brand?post=1735"},{"taxonomy":"product_cat","embeddable":true,"href":"https:\/\/creamind.cl\/index.php\/wp-json\/wp\/v2\/product_cat?post=1735"},{"taxonomy":"product_tag","embeddable":true,"href":"https:\/\/creamind.cl\/index.php\/wp-json\/wp\/v2\/product_tag?post=1735"}],"curies":[{"name":"wp","href":"https:\/\/api.w.org\/{rel}","templated":true}]}}