{"id":577,"date":"2020-05-30T04:54:31","date_gmt":"2020-05-30T08:54:31","guid":{"rendered":"http:\/\/creamind.cl\/?post_type=product&#038;p=577"},"modified":"2023-02-17T00:19:18","modified_gmt":"2023-02-17T03:19:18","slug":"diseno-de-tarjeta-de-presentacion","status":"publish","type":"product","link":"https:\/\/creamind.cl\/index.php\/producto\/diseno-de-tarjeta-de-presentacion\/","title":{"rendered":"Dise\u00f1o de tarjeta de Presentaci\u00f3n"},"content":{"rendered":"<p>Creamos y dise\u00f1amos tu tarjeta de presentaci\u00f3n utilizando los datos enviados, te recomendamos lo siguiente:<\/p>\n<ol>\n<li>Nombre y Apellidos<\/li>\n<li>Informaci\u00f3n de contacto: email, tel\u00e9fono, redes sociales, web<\/li>\n<li>Logo en alta resoluci\u00f3n (PNG) o vectorial (pdf, Ai)<\/li>\n<li>Si tienes una idea de lo que quieres lograr, nos puedes enviar una imagen de referencia<\/li>\n<\/ol>\n","protected":false},"excerpt":{"rendered":"<p>Creamos y dise\u00f1amos tu tarjeta de presentaci\u00f3n utilizando los datos enviados, te recomendamos lo siguiente:<\/p>\n<ol>\n<li>Nombre y Apellidos<\/li>\n<li>Informaci\u00f3n de contacto: email, tel\u00e9fono, redes sociales, web<\/li>\n<li>Logo en alta resoluci\u00f3n (PNG) o vectorial (pdf)<\/li>\n<li>Si tienes una idea de lo que quieres lograr, nos puedes enviar una imagen de referencia<\/li>\n<\/ol>\n","protected":false},"featured_media":644,"template":"","meta":{"site-sidebar-layout":"default","site-content-layout":"boxed-container","ast-site-content-layout":"","site-content-style":"default","site-sidebar-style":"default","ast-global-header-display":"","ast-banner-title-visibility":"","ast-main-header-display":"","ast-hfb-above-header-display":"","ast-hfb-below-header-display":"","ast-hfb-mobile-header-display":"","site-post-title":"","ast-breadcrumbs-content":"","ast-featured-img":"","footer-sml-layout":"","theme-transparent-header-meta":"default","adv-header-id-meta":"","stick-header-meta":"","header-above-stick-meta":"","header-main-stick-meta":"","header-below-stick-meta":"","astra-migrate-meta-layouts":"default","ast-page-background-enabled":"default","ast-page-background-meta":{"desktop":{"background-color":"","background-image":"","background-repeat":"repeat","background-position":"center center","background-size":"auto","background-attachment":"scroll","background-type":"","background-media":"","overlay-type":"","overlay-color":"","overlay-opacity":"","overlay-gradient":""},"tablet":{"background-color":"","background-image":"","background-repeat":"repeat","background-position":"center center","background-size":"auto","background-attachment":"scroll","background-type":"","background-media":"","overlay-type":"","overlay-color":"","overlay-opacity":"","overlay-gradient":""},"mobile":{"background-color":"","background-image":"","background-repeat":"repeat","background-position":"center center","background-size":"auto","background-attachment":"scroll","background-type":"","background-media":"","overlay-type":"","overlay-color":"","overlay-opacity":"","overlay-gradient":""}},"ast-content-background-meta":{"desktop":{"background-color":"var(--ast-global-color-5)","background-image":"","background-repeat":"repeat","background-position":"center center","background-size":"auto","background-attachment":"scroll","background-type":"","background-media":"","overlay-type":"","overlay-color":"","overlay-opacity":"","overlay-gradient":""},"tablet":{"background-color":"var(--ast-global-color-5)","background-image":"","background-repeat":"repeat","background-position":"center center","background-size":"auto","background-attachment":"scroll","background-type":"","background-media":"","overlay-type":"","overlay-color":"","overlay-opacity":"","overlay-gradient":""},"mobile":{"background-color":"var(--ast-global-color-5)","background-image":"","background-repeat":"repeat","background-position":"center center","background-size":"auto","background-attachment":"scroll","background-type":"","background-media":"","overlay-type":"","overlay-color":"","overlay-opacity":"","overlay-gradient":""}},"_joinchat":[]},"product_brand":[],"product_cat":[29],"product_tag":[],"class_list":{"0":"post-577","1":"product","2":"type-product","3":"status-publish","4":"has-post-thumbnail","6":"product_cat-papeleria-digital","7":"desktop-align-left","8":"tablet-align-left","9":"mobile-align-left","11":"first","12":"instock","13":"purchasable","14":"product-type-variable"},"_links":{"self":[{"href":"https:\/\/creamind.cl\/index.php\/wp-json\/wp\/v2\/product\/577","targetHints":{"allow":["GET"]}}],"collection":[{"href":"https:\/\/creamind.cl\/index.php\/wp-json\/wp\/v2\/product"}],"about":[{"href":"https:\/\/creamind.cl\/index.php\/wp-json\/wp\/v2\/types\/product"}],"version-history":[{"count":4,"href":"https:\/\/creamind.cl\/index.php\/wp-json\/wp\/v2\/product\/577\/revisions"}],"predecessor-version":[{"id":2177,"href":"https:\/\/creamind.cl\/index.php\/wp-json\/wp\/v2\/product\/577\/revisions\/2177"}],"wp:featuredmedia":[{"embeddable":true,"href":"https:\/\/creamind.cl\/index.php\/wp-json\/wp\/v2\/media\/644"}],"wp:attachment":[{"href":"https:\/\/creamind.cl\/index.php\/wp-json\/wp\/v2\/media?parent=577"}],"wp:term":[{"taxonomy":"product_brand","embeddable":true,"href":"https:\/\/creamind.cl\/index.php\/wp-json\/wp\/v2\/product_brand?post=577"},{"taxonomy":"product_cat","embeddable":true,"href":"https:\/\/creamind.cl\/index.php\/wp-json\/wp\/v2\/product_cat?post=577"},{"taxonomy":"product_tag","embeddable":true,"href":"https:\/\/creamind.cl\/index.php\/wp-json\/wp\/v2\/product_tag?post=577"}],"curies":[{"name":"wp","href":"https:\/\/api.w.org\/{rel}","templated":true}]}}